{"id":27,"date":"2021-09-20T16:23:01","date_gmt":"2021-09-20T16:23:01","guid":{"rendered":"https:\/\/proselmedikal.com\/?page_id=27"},"modified":"2021-09-23T19:22:07","modified_gmt":"2021-09-23T19:22:07","slug":"kurumsal","status":"publish","type":"page","link":"https:\/\/proselmedikal.com\/index.php\/kurumsal\/","title":{"rendered":"Kurumsal"},"content":{"rendered":"\t\t<div data-elementor-type=\"wp-page\" data-elementor-id=\"27\" class=\"elementor elementor-27\" data-elementor-settings=\"[]\">\n\t\t\t\t\t\t\t<div class=\"elementor-section-wrap\">\n\t\t\t\t\t\t\t<section class=\"elementor-section elementor-top-section elementor-element elementor-element-64e292c elementor-section-full_width elementor-section-height-min-height elementor-section-height-default elementor-section-items-middle\" data-id=\"64e292c\" data-element_type=\"section\" data-settings=\"{&quot;background_background&quot;:&quot;classic&quot;,&quot;_ha_eqh_enable&quot;:false}\">\n\t\t\t\t\t\t\t<div class=\"elementor-background-overlay\"><\/div>\n\t\t\t\t\t\t\t<div class=\"elementor-container elementor-column-gap-default\">\n\t\t\t\t\t<div class=\"elementor-column elementor-col-100 elementor-top-column elementor-element elementor-element-c94fe60\" data-id=\"c94fe60\" data-element_type=\"column\">\n\t\t\t<div class=\"elementor-widget-wrap elementor-element-populated\">\n\t\t\t\t\t\t\t\t<div class=\"elementor-element elementor-element-729bba0 elementor-widget elementor-widget-heading\" data-id=\"729bba0\" data-element_type=\"widget\" data-widget_type=\"heading.default\">\n\t\t\t\t<div class=\"elementor-widget-container\">\n\t\t\t<h5 class=\"elementor-heading-title elementor-size-default\">Kurumsal<\/h5>\t\t<\/div>\n\t\t\t\t<\/div>\n\t\t\t\t\t<\/div>\n\t\t<\/div>\n\t\t\t\t\t\t\t<\/div>\n\t\t<\/section>\n\t\t\t\t<section class=\"elementor-section elementor-top-section elementor-element elementor-element-8d3e24c elementor-section-boxed elementor-section-height-default elementor-section-height-default\" data-id=\"8d3e24c\" data-element_type=\"section\" data-settings=\"{&quot;background_background&quot;:&quot;classic&quot;,&quot;_ha_eqh_enable&quot;:false}\">\n\t\t\t\t\t\t<div class=\"elementor-container elementor-column-gap-default\">\n\t\t\t\t\t<div class=\"elementor-column elementor-col-33 elementor-top-column elementor-element elementor-element-c708d79 elementor-invisible\" data-id=\"c708d79\" data-element_type=\"column\" data-settings=\"{&quot;animation&quot;:&quot;fadeInLeft&quot;}\">\n\t\t\t<div class=\"elementor-widget-wrap elementor-element-populated\">\n\t\t\t\t\t\t\t\t<div class=\"elementor-element elementor-element-2418565 elementor-widget elementor-widget-heading\" data-id=\"2418565\" data-element_type=\"widget\" data-widget_type=\"heading.default\">\n\t\t\t\t<div class=\"elementor-widget-container\">\n\t\t\t<h2 class=\"elementor-heading-title elementor-size-default\">Men\u00fc<\/h2>\t\t<\/div>\n\t\t\t\t<\/div>\n\t\t\t\t<div class=\"elementor-element elementor-element-3567538 wpr-button-icon-position-left wpr-button-icon-style-inline elementor-widget elementor-widget-wpr-button\" data-id=\"3567538\" data-element_type=\"widget\" data-widget_type=\"wpr-button.default\">\n\t\t\t\t<div class=\"elementor-widget-container\">\n\t\t\t\t\n\t\t\t\n\t\t\n\t\t<div class=\"wpr-button-wrap elementor-clearfix\">\n\t\t<a class=\"wpr-button wpr-button-effect wpr-button-none\" data-text=\"Go\" href=\"https:\/\/proselmedikal.com\/index.php\/kurumsal\/\">\n\t\t\t\n\t\t\t<span class=\"wpr-button-content\">\n\t\t\t\t\t\t\t\t\t<span class=\"wpr-button-text\">Hakk\u0131m\u0131zda<\/span>\n\t\t\t\t\t\t\t\t\n\t\t\t\t\t\t\t\t\t<span class=\"wpr-button-icon\"><i class=\"fas fa-angle-right\"><\/i><\/span>\n\t\t\t\t\t\t\t<\/span>\n\t\t<\/a>\n\n\t\t\t\t<\/div>\n\t\n\t\n\t\t\t<\/div>\n\t\t\t\t<\/div>\n\t\t\t\t<div class=\"elementor-element elementor-element-ad55e62 wpr-button-icon-position-left wpr-button-icon-style-inline elementor-widget elementor-widget-wpr-button\" data-id=\"ad55e62\" data-element_type=\"widget\" data-widget_type=\"wpr-button.default\">\n\t\t\t\t<div class=\"elementor-widget-container\">\n\t\t\t\t\n\t\t\t\n\t\t\n\t\t<div class=\"wpr-button-wrap elementor-clearfix\">\n\t\t<a class=\"wpr-button wpr-button-effect wpr-button-antiman\" data-text=\"Go\" href=\"https:\/\/proselmedikal.com\/index.php\/kalite-politikamiz\/\">\n\t\t\t\n\t\t\t<span class=\"wpr-button-content\">\n\t\t\t\t\t\t\t\t\t<span class=\"wpr-button-text\">Kalite Politikam\u0131z<\/span>\n\t\t\t\t\t\t\t\t\n\t\t\t\t\t\t\t\t\t<span class=\"wpr-button-icon\"><i class=\"fas fa-angle-right\"><\/i><\/span>\n\t\t\t\t\t\t\t<\/span>\n\t\t<\/a>\n\n\t\t\t\t<\/div>\n\t\n\t\n\t\t\t<\/div>\n\t\t\t\t<\/div>\n\t\t\t\t\t<\/div>\n\t\t<\/div>\n\t\t\t\t<div class=\"elementor-column elementor-col-66 elementor-top-column elementor-element elementor-element-88dbe98 elementor-invisible\" data-id=\"88dbe98\" data-element_type=\"column\" data-settings=\"{&quot;animation&quot;:&quot;fadeInRight&quot;}\">\n\t\t\t<div class=\"elementor-widget-wrap elementor-element-populated\">\n\t\t\t\t\t\t\t\t<div class=\"elementor-element elementor-element-1e070c1 elementor-widget elementor-widget-text-editor\" data-id=\"1e070c1\" data-element_type=\"widget\" data-widget_type=\"text-editor.default\">\n\t\t\t\t<div class=\"elementor-widget-container\">\n\t\t\t\t\t\t\t<p><span style=\"font-size: 15px;\">Prosel Medikal 2012 y\u0131l\u0131nda sa\u011fl\u0131k sekt\u00f6r\u00fcndeki ihtiya\u00e7lar\u0131 kar\u015f\u0131lamak \u00fczere Ankara merkezli olarak kurulmu\u015ftur. Ortopedi ve Travmatoloji ile Omurga cerrahisi alanlar\u0131nda hizmet vermektedir. Yine ayn\u0131 alanlarda yapt\u0131\u011f\u0131 Ar-Ge \u00e7al\u0131\u015fmalar\u0131 sonucu yeni geli\u015ftirdi\u011fi \u00fcr\u00fcnlerle de ba\u015fta T\u00fcrkiye olmak \u00fczere k\u00fcresel pazarda da \u00fcr\u00fcnlerini sunmay\u0131 hedeflemektedir.<\/span><\/p><p><span style=\"font-size: 15px;\">\u00a0<\/span><\/p><p><span style=\"font-size: 15px;\">Firmam\u0131z sekt\u00f6rdeki birikimlerini\u00a0 yine medikal sekt\u00f6r i\u00e7erisinde uzun y\u0131llar sayg\u0131n bir \u015fekilde y\u00fcr\u00fctme azmini ta\u015f\u0131maktad\u0131r. Amac\u0131m\u0131z h\u0131zl\u0131 bir \u015fekilde kalk\u0131nan \u00fclkemizde \u00fcretmeyi planlad\u0131\u011f\u0131m\u0131z\u00a0 \u00fcr\u00fcnlerde d\u0131\u015fa ba\u011f\u0131ml\u0131l\u0131\u011f\u0131 minimuma indirerek\u00a0 sekt\u00f6r\u00fcm\u00fcz\u00fcn taleplerine\u00a0 en avantajl\u0131 fiyatlar ve daha kaliteli \u00fcr\u00fcnler ile cevap vermektir. Prosel Medikal \u00fcr\u00fcn ve hizmetleri ile hekimlere ve hastanelere, sa\u011fl\u0131kl\u0131 gelece\u011fe katk\u0131da bulunmay\u0131 temel hedef kabul eden , rekabet \u00fcst\u00fcnl\u00fcklerini kal\u0131c\u0131 k\u0131lmay\u0131 hedef alan bir y\u00f6netim anlay\u0131\u015f ve uygulamas\u0131n\u0131 benimsemi\u015ftir. Ya\u015fam\u0131n her alan\u0131nda kalitenin anlam\u0131 bilgi, g\u00fcvenirlilik ve ilerleme oldu\u011fu g\u00f6r\u00fc\u015f\u00fcne olan inanc\u0131m\u0131zla\u00a0\u00a0i\u015fimizde t\u00fcm sistemin bir arada payla\u015f\u0131mc\u0131 bir zihniyetle\u00a0\u00a0hareket etmesini sa\u011flamaya devam edece\u011fiz.<\/span><span style=\"font-size: 15px;\"><br \/><\/span><\/p>\t\t\t\t\t\t<\/div>\n\t\t\t\t<\/div>\n\t\t\t\t<div class=\"elementor-element elementor-element-0de85c8 elementor-widget elementor-widget-text-editor\" data-id=\"0de85c8\" data-element_type=\"widget\" data-widget_type=\"text-editor.default\">\n\t\t\t\t<div class=\"elementor-widget-container\">\n\t\t\t\t\t\t\t<img loading=\"lazy\" decoding=\"async\" class=\"alignnone size-full wp-image-199\" style=\"float: left; width: 110px; padding-top: 10px;\" src=\"http:\/\/proselmedikal.com\/wp-content\/uploads\/2021\/09\/Conformite_Europeenne_logo.svg_-e1502284660392-300x214-1.png\" alt=\"\" width=\"300\" height=\"214\" \/> <img loading=\"lazy\" decoding=\"async\" class=\"alignnone size-medium wp-image-198\" style=\"float: left; width: 110px;\" src=\"http:\/\/proselmedikal.com\/wp-content\/uploads\/2021\/09\/13485-Image-e1533179731441-300x300-1-300x300.png\" alt=\"\" width=\"300\" height=\"300\" srcset=\"https:\/\/proselmedikal.com\/wp-content\/uploads\/2021\/09\/13485-Image-e1533179731441-300x300-1.png 300w, https:\/\/proselmedikal.com\/wp-content\/uploads\/2021\/09\/13485-Image-e1533179731441-300x300-1-150x150.png 150w\" sizes=\"auto, (max-width: 300px) 100vw, 300px\" \/>\t\t\t\t\t\t<\/div>\n\t\t\t\t<\/div>\n\t\t\t\t\t<\/div>\n\t\t<\/div>\n\t\t\t\t\t\t\t<\/div>\n\t\t<\/section>\n\t\t\t\t<section class=\"elementor-section elementor-top-section elementor-element elementor-element-570b8a7 elementor-section-boxed elementor-section-height-default elementor-section-height-default\" data-id=\"570b8a7\" data-element_type=\"section\" data-settings=\"{&quot;background_background&quot;:&quot;classic&quot;,&quot;_ha_eqh_enable&quot;:false}\">\n\t\t\t\t\t\t<div class=\"elementor-container elementor-column-gap-default\">\n\t\t\t\t\t<div class=\"elementor-column elementor-col-100 elementor-top-column elementor-element elementor-element-ac55fe3\" data-id=\"ac55fe3\" data-element_type=\"column\">\n\t\t\t<div class=\"elementor-widget-wrap elementor-element-populated\">\n\t\t\t\t\t\t\t\t<div class=\"elementor-element elementor-element-9196d2d elementor-shape-rounded elementor-grid-0 e-grid-align-center elementor-widget elementor-widget-social-icons\" data-id=\"9196d2d\" data-element_type=\"widget\" data-widget_type=\"social-icons.default\">\n\t\t\t\t<div class=\"elementor-widget-container\">\n\t\t\t\t\t<div class=\"elementor-social-icons-wrapper elementor-grid\">\n\t\t\t\t\t\t\t<span class=\"elementor-grid-item\">\n\t\t\t\t\t<a class=\"elementor-icon elementor-social-icon elementor-social-icon-instagram elementor-repeater-item-dc446c6\" target=\"_blank\">\n\t\t\t\t\t\t<span class=\"elementor-screen-only\">Instagram<\/span>\n\t\t\t\t\t\t<i class=\"fab fa-instagram\"><\/i>\t\t\t\t\t<\/a>\n\t\t\t\t<\/span>\n\t\t\t\t\t\t\t<span class=\"elementor-grid-item\">\n\t\t\t\t\t<a class=\"elementor-icon elementor-social-icon elementor-social-icon-linkedin elementor-repeater-item-6b3a5d9\" target=\"_blank\">\n\t\t\t\t\t\t<span class=\"elementor-screen-only\">Linkedin<\/span>\n\t\t\t\t\t\t<i class=\"fab fa-linkedin\"><\/i>\t\t\t\t\t<\/a>\n\t\t\t\t<\/span>\n\t\t\t\t\t<\/div>\n\t\t\t\t<\/div>\n\t\t\t\t<\/div>\n\t\t\t\t\t<\/div>\n\t\t<\/div>\n\t\t\t\t\t\t\t<\/div>\n\t\t<\/section>\n\t\t\t\t\t\t<\/div>\n\t\t\t\t\t<\/div>\n\t\t","protected":false},"excerpt":{"rendered":"<p>Kurumsal Men\u00fc Hakk\u0131m\u0131zda Kalite Politikam\u0131z Prosel Medikal 2012 y\u0131l\u0131nda sa\u011fl\u0131k sekt\u00f6r\u00fcndeki ihtiya\u00e7lar\u0131 kar\u015f\u0131lamak \u00fczere Ankara merkezli olarak kurulmu\u015ftur. Ortopedi ve Travmatoloji ile Omurga cerrahisi alanlar\u0131nda hizmet vermektedir. Yine ayn\u0131 alanlarda yapt\u0131\u011f\u0131 Ar-Ge \u00e7al\u0131\u015fmalar\u0131 sonucu yeni geli\u015ftirdi\u011fi \u00fcr\u00fcnlerle de ba\u015fta T\u00fcrkiye olmak \u00fczere k\u00fcresel pazarda da \u00fcr\u00fcnlerini sunmay\u0131 hedeflemektedir. \u00a0 Firmam\u0131z sekt\u00f6rdeki birikimlerini\u00a0 yine medikal sekt\u00f6r&hellip; <a class=\"more-link\" href=\"https:\/\/proselmedikal.com\/index.php\/kurumsal\/\">Continue reading <span class=\"screen-reader-text\">Kurumsal<\/span><\/a><\/p>\n","protected":false},"author":1,"featured_media":0,"parent":0,"menu_order":0,"comment_status":"closed","ping_status":"closed","template":"elementor_header_footer","meta":{"om_disable_all_campaigns":false,"_monsterinsights_skip_tracking":false,"_monsterinsights_sitenote_active":false,"_monsterinsights_sitenote_note":"","_monsterinsights_sitenote_category":0,"footnotes":""},"class_list":["post-27","page","type-page","status-publish","hentry","entry"],"_links":{"self":[{"href":"https:\/\/proselmedikal.com\/index.php\/wp-json\/wp\/v2\/pages\/27","targetHints":{"allow":["GET"]}}],"collection":[{"href":"https:\/\/proselmedikal.com\/index.php\/wp-json\/wp\/v2\/pages"}],"about":[{"href":"https:\/\/proselmedikal.com\/index.php\/wp-json\/wp\/v2\/types\/page"}],"author":[{"embeddable":true,"href":"https:\/\/proselmedikal.com\/index.php\/wp-json\/wp\/v2\/users\/1"}],"replies":[{"embeddable":true,"href":"https:\/\/proselmedikal.com\/index.php\/wp-json\/wp\/v2\/comments?post=27"}],"version-history":[{"count":19,"href":"https:\/\/proselmedikal.com\/index.php\/wp-json\/wp\/v2\/pages\/27\/revisions"}],"predecessor-version":[{"id":465,"href":"https:\/\/proselmedikal.com\/index.php\/wp-json\/wp\/v2\/pages\/27\/revisions\/465"}],"wp:attachment":[{"href":"https:\/\/proselmedikal.com\/index.php\/wp-json\/wp\/v2\/media?parent=27"}],"curies":[{"name":"wp","href":"https:\/\/api.w.org\/{rel}","templated":true}]}}