{"id":212,"date":"2021-09-21T18:44:53","date_gmt":"2021-09-21T18:44:53","guid":{"rendered":"https:\/\/proselmedikal.com\/?page_id=212"},"modified":"2021-09-23T19:22:51","modified_gmt":"2021-09-23T19:22:51","slug":"kalite-politikamiz","status":"publish","type":"page","link":"https:\/\/proselmedikal.com\/index.php\/kalite-politikamiz\/","title":{"rendered":"Kalite Politikam\u0131z"},"content":{"rendered":"\t\t<div data-elementor-type=\"wp-page\" data-elementor-id=\"212\" class=\"elementor elementor-212\" data-elementor-settings=\"[]\">\n\t\t\t\t\t\t\t<div class=\"elementor-section-wrap\">\n\t\t\t\t\t\t\t<section class=\"elementor-section elementor-top-section elementor-element elementor-element-54b02a7c elementor-section-full_width elementor-section-height-min-height elementor-section-height-default elementor-section-items-middle\" data-id=\"54b02a7c\" data-element_type=\"section\" data-settings=\"{&quot;background_background&quot;:&quot;classic&quot;,&quot;_ha_eqh_enable&quot;:false}\">\n\t\t\t\t\t\t\t<div class=\"elementor-background-overlay\"><\/div>\n\t\t\t\t\t\t\t<div class=\"elementor-container elementor-column-gap-default\">\n\t\t\t\t\t<div class=\"elementor-column elementor-col-100 elementor-top-column elementor-element elementor-element-19aad7d8\" data-id=\"19aad7d8\" data-element_type=\"column\">\n\t\t\t<div class=\"elementor-widget-wrap elementor-element-populated\">\n\t\t\t\t\t\t\t\t<div class=\"elementor-element elementor-element-73159ca1 elementor-widget elementor-widget-heading\" data-id=\"73159ca1\" data-element_type=\"widget\" data-widget_type=\"heading.default\">\n\t\t\t\t<div class=\"elementor-widget-container\">\n\t\t\t<h5 class=\"elementor-heading-title elementor-size-default\">Kurumsal<\/h5>\t\t<\/div>\n\t\t\t\t<\/div>\n\t\t\t\t\t<\/div>\n\t\t<\/div>\n\t\t\t\t\t\t\t<\/div>\n\t\t<\/section>\n\t\t\t\t<section class=\"elementor-section elementor-top-section elementor-element elementor-element-966bba1 elementor-section-boxed elementor-section-height-default elementor-section-height-default\" data-id=\"966bba1\" data-element_type=\"section\" data-settings=\"{&quot;background_background&quot;:&quot;classic&quot;,&quot;_ha_eqh_enable&quot;:false}\">\n\t\t\t\t\t\t<div class=\"elementor-container elementor-column-gap-default\">\n\t\t\t\t\t<div class=\"elementor-column elementor-col-33 elementor-top-column elementor-element elementor-element-37a3b49b elementor-invisible\" data-id=\"37a3b49b\" data-element_type=\"column\" data-settings=\"{&quot;animation&quot;:&quot;fadeInLeft&quot;}\">\n\t\t\t<div class=\"elementor-widget-wrap elementor-element-populated\">\n\t\t\t\t\t\t\t\t<div class=\"elementor-element elementor-element-7cf88851 elementor-widget elementor-widget-heading\" data-id=\"7cf88851\" data-element_type=\"widget\" data-widget_type=\"heading.default\">\n\t\t\t\t<div class=\"elementor-widget-container\">\n\t\t\t<h2 class=\"elementor-heading-title elementor-size-default\">Men\u00fc<\/h2>\t\t<\/div>\n\t\t\t\t<\/div>\n\t\t\t\t<div class=\"elementor-element elementor-element-242f5e11 wpr-button-icon-position-left wpr-button-icon-style-inline elementor-widget elementor-widget-wpr-button\" data-id=\"242f5e11\" data-element_type=\"widget\" data-widget_type=\"wpr-button.default\">\n\t\t\t\t<div class=\"elementor-widget-container\">\n\t\t\t\t\n\t\t\t\n\t\t\n\t\t<div class=\"wpr-button-wrap elementor-clearfix\">\n\t\t<a class=\"wpr-button wpr-button-effect wpr-button-none\" data-text=\"Go\" href=\"https:\/\/proselmedikal.com\/index.php\/kurumsal\/\">\n\t\t\t\n\t\t\t<span class=\"wpr-button-content\">\n\t\t\t\t\t\t\t\t\t<span class=\"wpr-button-text\">Hakk\u0131m\u0131zda<\/span>\n\t\t\t\t\t\t\t\t\n\t\t\t\t\t\t\t\t\t<span class=\"wpr-button-icon\"><i class=\"fas fa-angle-right\"><\/i><\/span>\n\t\t\t\t\t\t\t<\/span>\n\t\t<\/a>\n\n\t\t\t\t<\/div>\n\t\n\t\n\t\t\t<\/div>\n\t\t\t\t<\/div>\n\t\t\t\t<div class=\"elementor-element elementor-element-712396c6 wpr-button-icon-position-left wpr-button-icon-style-inline elementor-widget elementor-widget-wpr-button\" data-id=\"712396c6\" data-element_type=\"widget\" data-widget_type=\"wpr-button.default\">\n\t\t\t\t<div class=\"elementor-widget-container\">\n\t\t\t\t\n\t\t\t\n\t\t\n\t\t<div class=\"wpr-button-wrap elementor-clearfix\">\n\t\t<div class=\"wpr-button wpr-button-effect wpr-button-antiman\" data-text=\"Go\">\n\t\t\t\n\t\t\t<span class=\"wpr-button-content\">\n\t\t\t\t\t\t\t\t\t<span class=\"wpr-button-text\">Kalite Politikam\u0131z<\/span>\n\t\t\t\t\t\t\t\t\n\t\t\t\t\t\t\t\t\t<span class=\"wpr-button-icon\"><i class=\"fas fa-angle-right\"><\/i><\/span>\n\t\t\t\t\t\t\t<\/span>\n\t\t<\/div>\n\n\t\t\t\t<\/div>\n\t\n\t\n\t\t\t<\/div>\n\t\t\t\t<\/div>\n\t\t\t\t\t<\/div>\n\t\t<\/div>\n\t\t\t\t<div class=\"elementor-column elementor-col-66 elementor-top-column elementor-element elementor-element-34ba3b94\" data-id=\"34ba3b94\" data-element_type=\"column\">\n\t\t\t<div class=\"elementor-widget-wrap elementor-element-populated\">\n\t\t\t\t\t\t\t\t<div class=\"elementor-element elementor-element-13b41e61 elementor-invisible elementor-widget elementor-widget-text-editor\" data-id=\"13b41e61\" data-element_type=\"widget\" data-settings=\"{&quot;_animation&quot;:&quot;fadeInRight&quot;}\" data-widget_type=\"text-editor.default\">\n\t\t\t\t<div class=\"elementor-widget-container\">\n\t\t\t\t\t\t\t<p>Prosel Medikal sa\u011fl\u0131k sekt\u00f6r\u00fcndeki ihtiya\u00e7lar\u0131 yak\u0131ndan takip ederek alan\u0131nda lider bir imalat\u00e7\u0131 firma olmay\u0131 hedeflemektedir. Firmam\u0131z ISO-13485 sertifikas\u0131na sahip olup bu Kalite Y\u00f6netim Sistemi ve Avrupa T\u0131bbi Cihaz Y\u00f6netmeli\u011fi olan (93-42-EEC)\u00a0 direktiflerine g\u00f6re belirlenen standartlar uygulanarak hizmet vermeyi ama\u00e7 edinmektedir. ISO-5833 kalite standartlar\u0131n\u0131n gerektirdi\u011fi t\u00fcm kriterleri \u00fcr\u00fcnlerimizde en m\u00fckemmel \u015fekilde yerine getirmek bizler i\u00e7in \u00e7ok \u00f6nemlidir. Ayrica t\u00fcm urunlerimiz bu direktifler do\u011frultusunda CE sertifikasina sahip durumdad\u0131r. B\u00fcnyemizdeki ger\u00e7ekle\u015ftirilen \u00fcretim safhas\u0131n\u0131n b\u00fct\u00fcn a\u015famalar\u0131nda belirtilen kalite sistemini en etkili bi\u00e7imde uygulayarak \u00fcr\u00fcn kalitesini s\u00fcrekli y\u00fcksekte tutmak. \u00dclkemiz ve k\u00fcresel pazardaki pay\u0131n\u0131 artt\u0131rmak i\u00e7in kaliteyi s\u00fcrekli geli\u015ftirmek. \u015eirket i\u00e7i e\u011fitim programlar\u0131 ile \u00e7al\u0131\u015fanlar\u0131n kalite y\u00f6netimindeki faaliyetlerini daha da ileri ta\u015f\u0131mak. Sat\u0131\u015f sonras\u0131 m\u00fc\u015fteri memnuniyeti takibini d\u00fczg\u00fcn bir \u015fekilde yaparak bu memnuniyeti en \u00fcst seviyeye \u00e7\u0131karmak. M\u00fc\u015fteri ihtiya\u00e7 ve beklentilerini t\u00fcm s\u00fcre\u00e7lerde tam olarak anlayarak bu ihtiya\u00e7 ve beklentileri kar\u015f\u0131layan aran\u0131lan bir firma olmak.<\/p>\t\t\t\t\t\t<\/div>\n\t\t\t\t<\/div>\n\t\t\t\t<div class=\"elementor-element elementor-element-6ea4edd2 elementor-widget elementor-widget-text-editor\" data-id=\"6ea4edd2\" data-element_type=\"widget\" data-widget_type=\"text-editor.default\">\n\t\t\t\t<div class=\"elementor-widget-container\">\n\t\t\t\t\t\t\t<img loading=\"lazy\" decoding=\"async\" class=\"alignnone size-full wp-image-199\" style=\"float: left; width: 110px; padding-top: 10px;\" src=\"http:\/\/proselmedikal.com\/wp-content\/uploads\/2021\/09\/Conformite_Europeenne_logo.svg_-e1502284660392-300x214-1.png\" alt=\"\" width=\"300\" height=\"214\" \/> <img loading=\"lazy\" decoding=\"async\" class=\"alignnone size-medium wp-image-198\" style=\"float: left; width: 110px;\" src=\"http:\/\/proselmedikal.com\/wp-content\/uploads\/2021\/09\/13485-Image-e1533179731441-300x300-1-300x300.png\" alt=\"\" width=\"300\" height=\"300\" srcset=\"https:\/\/proselmedikal.com\/wp-content\/uploads\/2021\/09\/13485-Image-e1533179731441-300x300-1.png 300w, https:\/\/proselmedikal.com\/wp-content\/uploads\/2021\/09\/13485-Image-e1533179731441-300x300-1-150x150.png 150w\" sizes=\"auto, (max-width: 300px) 100vw, 300px\" \/>\t\t\t\t\t\t<\/div>\n\t\t\t\t<\/div>\n\t\t\t\t\t<\/div>\n\t\t<\/div>\n\t\t\t\t\t\t\t<\/div>\n\t\t<\/section>\n\t\t\t\t<section class=\"elementor-section elementor-top-section elementor-element elementor-element-4e38088a elementor-section-boxed elementor-section-height-default elementor-section-height-default\" data-id=\"4e38088a\" data-element_type=\"section\" data-settings=\"{&quot;background_background&quot;:&quot;classic&quot;,&quot;_ha_eqh_enable&quot;:false}\">\n\t\t\t\t\t\t<div class=\"elementor-container elementor-column-gap-default\">\n\t\t\t\t\t<div class=\"elementor-column elementor-col-100 elementor-top-column elementor-element elementor-element-e6f5dc5\" data-id=\"e6f5dc5\" data-element_type=\"column\">\n\t\t\t<div class=\"elementor-widget-wrap elementor-element-populated\">\n\t\t\t\t\t\t\t\t<div class=\"elementor-element elementor-element-3f2d04f4 elementor-shape-rounded elementor-grid-0 e-grid-align-center elementor-widget elementor-widget-social-icons\" data-id=\"3f2d04f4\" data-element_type=\"widget\" data-widget_type=\"social-icons.default\">\n\t\t\t\t<div class=\"elementor-widget-container\">\n\t\t\t\t\t<div class=\"elementor-social-icons-wrapper elementor-grid\">\n\t\t\t\t\t\t\t<span class=\"elementor-grid-item\">\n\t\t\t\t\t<a class=\"elementor-icon elementor-social-icon elementor-social-icon-instagram elementor-repeater-item-dc446c6\" target=\"_blank\">\n\t\t\t\t\t\t<span class=\"elementor-screen-only\">Instagram<\/span>\n\t\t\t\t\t\t<i class=\"fab fa-instagram\"><\/i>\t\t\t\t\t<\/a>\n\t\t\t\t<\/span>\n\t\t\t\t\t\t\t<span class=\"elementor-grid-item\">\n\t\t\t\t\t<a class=\"elementor-icon elementor-social-icon elementor-social-icon-linkedin elementor-repeater-item-6b3a5d9\" target=\"_blank\">\n\t\t\t\t\t\t<span class=\"elementor-screen-only\">Linkedin<\/span>\n\t\t\t\t\t\t<i class=\"fab fa-linkedin\"><\/i>\t\t\t\t\t<\/a>\n\t\t\t\t<\/span>\n\t\t\t\t\t<\/div>\n\t\t\t\t<\/div>\n\t\t\t\t<\/div>\n\t\t\t\t\t<\/div>\n\t\t<\/div>\n\t\t\t\t\t\t\t<\/div>\n\t\t<\/section>\n\t\t\t\t\t\t<\/div>\n\t\t\t\t\t<\/div>\n\t\t","protected":false},"excerpt":{"rendered":"<p>Kurumsal Men\u00fc Hakk\u0131m\u0131zda Kalite Politikam\u0131z Prosel Medikal sa\u011fl\u0131k sekt\u00f6r\u00fcndeki ihtiya\u00e7lar\u0131 yak\u0131ndan takip ederek alan\u0131nda lider bir imalat\u00e7\u0131 firma olmay\u0131 hedeflemektedir. Firmam\u0131z ISO-13485 sertifikas\u0131na sahip olup bu Kalite Y\u00f6netim Sistemi ve Avrupa T\u0131bbi Cihaz Y\u00f6netmeli\u011fi olan (93-42-EEC)\u00a0 direktiflerine g\u00f6re belirlenen standartlar uygulanarak hizmet vermeyi ama\u00e7 edinmektedir. ISO-5833 kalite standartlar\u0131n\u0131n gerektirdi\u011fi t\u00fcm kriterleri \u00fcr\u00fcnlerimizde en m\u00fckemmel \u015fekilde&hellip; <a class=\"more-link\" href=\"https:\/\/proselmedikal.com\/index.php\/kalite-politikamiz\/\">Continue reading <span class=\"screen-reader-text\">Kalite Politikam\u0131z<\/span><\/a><\/p>\n","protected":false},"author":1,"featured_media":0,"parent":0,"menu_order":0,"comment_status":"closed","ping_status":"closed","template":"elementor_header_footer","meta":{"om_disable_all_campaigns":false,"_monsterinsights_skip_tracking":false,"_monsterinsights_sitenote_active":false,"_monsterinsights_sitenote_note":"","_monsterinsights_sitenote_category":0,"footnotes":""},"class_list":["post-212","page","type-page","status-publish","hentry","entry"],"_links":{"self":[{"href":"https:\/\/proselmedikal.com\/index.php\/wp-json\/wp\/v2\/pages\/212","targetHints":{"allow":["GET"]}}],"collection":[{"href":"https:\/\/proselmedikal.com\/index.php\/wp-json\/wp\/v2\/pages"}],"about":[{"href":"https:\/\/proselmedikal.com\/index.php\/wp-json\/wp\/v2\/types\/page"}],"author":[{"embeddable":true,"href":"https:\/\/proselmedikal.com\/index.php\/wp-json\/wp\/v2\/users\/1"}],"replies":[{"embeddable":true,"href":"https:\/\/proselmedikal.com\/index.php\/wp-json\/wp\/v2\/comments?post=212"}],"version-history":[{"count":13,"href":"https:\/\/proselmedikal.com\/index.php\/wp-json\/wp\/v2\/pages\/212\/revisions"}],"predecessor-version":[{"id":471,"href":"https:\/\/proselmedikal.com\/index.php\/wp-json\/wp\/v2\/pages\/212\/revisions\/471"}],"wp:attachment":[{"href":"https:\/\/proselmedikal.com\/index.php\/wp-json\/wp\/v2\/media?parent=212"}],"curies":[{"name":"wp","href":"https:\/\/api.w.org\/{rel}","templated":true}]}}