{"id":21,"date":"2021-09-20T16:22:28","date_gmt":"2021-09-20T16:22:28","guid":{"rendered":"https:\/\/proselmedikal.com\/?page_id=21"},"modified":"2021-09-23T19:07:17","modified_gmt":"2021-09-23T19:07:17","slug":"urunler","status":"publish","type":"page","link":"https:\/\/proselmedikal.com\/index.php\/urunler\/","title":{"rendered":"\u00dcr\u00fcnler"},"content":{"rendered":"\t\t<div data-elementor-type=\"wp-page\" data-elementor-id=\"21\" class=\"elementor elementor-21\" data-elementor-settings=\"[]\">\n\t\t\t\t\t\t\t<div class=\"elementor-section-wrap\">\n\t\t\t\t\t\t\t<section class=\"elementor-section elementor-top-section elementor-element elementor-element-93c1638 elementor-section-boxed elementor-section-height-default elementor-section-height-default\" data-id=\"93c1638\" data-element_type=\"section\" data-settings=\"{&quot;background_background&quot;:&quot;classic&quot;,&quot;_ha_eqh_enable&quot;:false}\">\n\t\t\t\t\t\t<div class=\"elementor-container elementor-column-gap-default\">\n\t\t\t\t\t<div class=\"elementor-column elementor-col-100 elementor-top-column elementor-element elementor-element-419d8b7\" data-id=\"419d8b7\" data-element_type=\"column\">\n\t\t\t<div class=\"elementor-widget-wrap elementor-element-populated\">\n\t\t\t\t\t\t\t\t<div class=\"elementor-element elementor-element-35cb489 eael-dual-header-content-align-center elementor-widget elementor-widget-eael-dual-color-header\" data-id=\"35cb489\" data-element_type=\"widget\" data-widget_type=\"eael-dual-color-header.default\">\n\t\t\t\t<div class=\"elementor-widget-container\">\n\t\t\t\n\t\t        <div class=\"eael-dual-header\">\n\t\t\t\t<h2 class=\"title\"><span  class=\"lead solid-color\">Prosel Medikal<\/span> <span>\u00dcr\u00fcnler<\/span><\/h2>\n\t\t\t\t<span class=\"subtext\"><p>T\u00fcm \u00fcr\u00fcnlerimiz<\/p><\/span>\n\t\t\t\t\t<span class=\"eael-dch-svg-icon\"><\/span>\t\t\t\t<\/div>\n\t\n\t\t\n\t\t\n\t\t\n\t\t\t\t<\/div>\n\t\t\t\t<\/div>\n\t\t\t\t\t<\/div>\n\t\t<\/div>\n\t\t\t\t\t\t\t<\/div>\n\t\t<\/section>\n\t\t\t\t<section class=\"elementor-section elementor-top-section elementor-element elementor-element-9a9fa1a elementor-section-boxed elementor-section-height-default elementor-section-height-default\" data-id=\"9a9fa1a\" data-element_type=\"section\" data-settings=\"{&quot;background_background&quot;:&quot;classic&quot;,&quot;_ha_eqh_enable&quot;:false}\">\n\t\t\t\t\t\t<div class=\"elementor-container elementor-column-gap-default\">\n\t\t\t\t\t<div class=\"elementor-column elementor-col-33 elementor-top-column elementor-element elementor-element-9f58594\" data-id=\"9f58594\" data-element_type=\"column\">\n\t\t\t<div class=\"elementor-widget-wrap elementor-element-populated\">\n\t\t\t\t\t\t\t\t<div class=\"elementor-element elementor-element-26c553f elementor-position-top elementor-vertical-align-top elementor-widget elementor-widget-image-box\" data-id=\"26c553f\" data-element_type=\"widget\" data-widget_type=\"image-box.default\">\n\t\t\t\t<div class=\"elementor-widget-container\">\n\t\t\t<div class=\"elementor-image-box-wrapper\"><figure class=\"elementor-image-box-img\"><a href=\"https:\/\/proselmedikal.com\/index.php\/urun-1\/\"><img loading=\"lazy\" decoding=\"async\" width=\"1172\" height=\"768\" src=\"https:\/\/proselmedikal.com\/wp-content\/uploads\/2021\/09\/antibiyotik.jpg\" class=\"attachment-full size-full\" alt=\"\" style=\"width:100%;height:65.53%;max-width:1172px\" \/><\/a><\/figure><div class=\"elementor-image-box-content\"><h3 class=\"elementor-image-box-title\"><a href=\"https:\/\/proselmedikal.com\/index.php\/urun-1\/\">Kemik \u00c7imentosu<\/a><\/h3><\/div><\/div>\t\t<\/div>\n\t\t\t\t<\/div>\n\t\t\t\t<div class=\"elementor-element elementor-element-b22fe47 elementor-position-top elementor-vertical-align-top elementor-widget elementor-widget-image-box\" data-id=\"b22fe47\" data-element_type=\"widget\" data-widget_type=\"image-box.default\">\n\t\t\t\t<div class=\"elementor-widget-container\">\n\t\t\t<div class=\"elementor-image-box-wrapper\"><figure class=\"elementor-image-box-img\"><a href=\"https:\/\/proselmedikal.com\/index.php\/diz-aralayici-spacer\/\"><img loading=\"lazy\" decoding=\"async\" width=\"1172\" height=\"768\" src=\"https:\/\/proselmedikal.com\/wp-content\/uploads\/2021\/09\/Diz-Aralayici-Spacer_.jpg\" class=\"attachment-full size-full\" alt=\"\" style=\"width:100%;height:65.53%;max-width:1172px\" \/><\/a><\/figure><div class=\"elementor-image-box-content\"><h3 class=\"elementor-image-box-title\"><a href=\"https:\/\/proselmedikal.com\/index.php\/diz-aralayici-spacer\/\">D\u0130Z ARALAYICI (SPACER)\u200b<\/a><\/h3><\/div><\/div>\t\t<\/div>\n\t\t\t\t<\/div>\n\t\t\t\t\t<\/div>\n\t\t<\/div>\n\t\t\t\t<div class=\"elementor-column elementor-col-33 elementor-top-column elementor-element elementor-element-a8e6f39\" data-id=\"a8e6f39\" data-element_type=\"column\">\n\t\t\t<div class=\"elementor-widget-wrap elementor-element-populated\">\n\t\t\t\t\t\t\t\t<div class=\"elementor-element elementor-element-834de56 elementor-position-top elementor-vertical-align-top elementor-widget elementor-widget-image-box\" data-id=\"834de56\" data-element_type=\"widget\" data-widget_type=\"image-box.default\">\n\t\t\t\t<div class=\"elementor-widget-container\">\n\t\t\t<div class=\"elementor-image-box-wrapper\"><figure class=\"elementor-image-box-img\"><a href=\"https:\/\/proselmedikal.com\/index.php\/vertebroplasti-cimentosu\/\"><img loading=\"lazy\" decoding=\"async\" width=\"1172\" height=\"768\" src=\"https:\/\/proselmedikal.com\/wp-content\/uploads\/2021\/09\/vtp.jpg\" class=\"attachment-full size-full\" alt=\"\" style=\"width:100%;height:65.53%;max-width:1172px\" \/><\/a><\/figure><div class=\"elementor-image-box-content\"><h3 class=\"elementor-image-box-title\"><a href=\"https:\/\/proselmedikal.com\/index.php\/vertebroplasti-cimentosu\/\"> VERTEBROPLAST\u0130 \u00c7\u0130MENTOSU<\/a><\/h3><\/div><\/div>\t\t<\/div>\n\t\t\t\t<\/div>\n\t\t\t\t<div class=\"elementor-element elementor-element-16ebbbb elementor-position-top elementor-vertical-align-top elementor-widget elementor-widget-image-box\" data-id=\"16ebbbb\" data-element_type=\"widget\" data-widget_type=\"image-box.default\">\n\t\t\t\t<div class=\"elementor-widget-container\">\n\t\t\t<div class=\"elementor-image-box-wrapper\"><figure class=\"elementor-image-box-img\"><a href=\"https:\/\/proselmedikal.com\/index.php\/omuz-aralayici-spacer\/\"><img loading=\"lazy\" decoding=\"async\" width=\"768\" height=\"512\" src=\"https:\/\/proselmedikal.com\/wp-content\/uploads\/2021\/09\/3-1.jpg\" class=\"attachment-full size-full\" alt=\"\" style=\"width:100%;height:66.67%;max-width:768px\" \/><\/a><\/figure><div class=\"elementor-image-box-content\"><h3 class=\"elementor-image-box-title\"><a href=\"https:\/\/proselmedikal.com\/index.php\/omuz-aralayici-spacer\/\"> Omuz Aralay\u0131c\u0131 (Spacer)<\/a><\/h3><\/div><\/div>\t\t<\/div>\n\t\t\t\t<\/div>\n\t\t\t\t<div class=\"elementor-element elementor-element-b5937d6 elementor-position-top elementor-vertical-align-top elementor-widget elementor-widget-image-box\" data-id=\"b5937d6\" data-element_type=\"widget\" data-widget_type=\"image-box.default\">\n\t\t\t\t<div class=\"elementor-widget-container\">\n\t\t\t<div class=\"elementor-image-box-wrapper\"><figure class=\"elementor-image-box-img\"><a href=\"https:\/\/proselmedikal.com\/index.php\/veteriner-cerrahi-kemik-cimentosu\/\"><img loading=\"lazy\" decoding=\"async\" width=\"1500\" height=\"1000\" src=\"https:\/\/proselmedikal.com\/wp-content\/uploads\/2021\/09\/veteriner-gorsel-1-1.jpg\" class=\"attachment-full size-full\" alt=\"\" style=\"width:100%;height:66.67%;max-width:1500px\" \/><\/a><\/figure><div class=\"elementor-image-box-content\"><h3 class=\"elementor-image-box-title\"><a href=\"https:\/\/proselmedikal.com\/index.php\/veteriner-cerrahi-kemik-cimentosu\/\">VETER\u0130NER CERRAH\u0130 KEM\u0130K \u00c7\u0130MENTOSU<\/a><\/h3><\/div><\/div>\t\t<\/div>\n\t\t\t\t<\/div>\n\t\t\t\t\t<\/div>\n\t\t<\/div>\n\t\t\t\t<div class=\"elementor-column elementor-col-33 elementor-top-column elementor-element elementor-element-4c91f72\" data-id=\"4c91f72\" data-element_type=\"column\">\n\t\t\t<div class=\"elementor-widget-wrap elementor-element-populated\">\n\t\t\t\t\t\t\t\t<div class=\"elementor-element elementor-element-fe048ad elementor-position-top elementor-vertical-align-top elementor-widget elementor-widget-image-box\" data-id=\"fe048ad\" data-element_type=\"widget\" data-widget_type=\"image-box.default\">\n\t\t\t\t<div class=\"elementor-widget-container\">\n\t\t\t<div class=\"elementor-image-box-wrapper\"><figure class=\"elementor-image-box-img\"><a href=\"https:\/\/proselmedikal.com\/index.php\/aralayici-spacer\/\"><img loading=\"lazy\" decoding=\"async\" width=\"1172\" height=\"768\" src=\"https:\/\/proselmedikal.com\/wp-content\/uploads\/2021\/09\/diz-1-1.jpg\" class=\"attachment-full size-full\" alt=\"\" style=\"width:100%;height:65.53%;max-width:1172px\" \/><\/a><\/figure><div class=\"elementor-image-box-content\"><h3 class=\"elementor-image-box-title\"><a href=\"https:\/\/proselmedikal.com\/index.php\/aralayici-spacer\/\"> ARALAYICI \u2013 SPACER<\/a><\/h3><\/div><\/div>\t\t<\/div>\n\t\t\t\t<\/div>\n\t\t\t\t<div class=\"elementor-element elementor-element-914d798 elementor-position-top elementor-vertical-align-top elementor-widget elementor-widget-image-box\" data-id=\"914d798\" data-element_type=\"widget\" data-widget_type=\"image-box.default\">\n\t\t\t\t<div class=\"elementor-widget-container\">\n\t\t\t<div class=\"elementor-image-box-wrapper\"><figure class=\"elementor-image-box-img\"><a href=\"https:\/\/proselmedikal.com\/index.php\/kalca-aralayici-hip-spacer\/\"><img loading=\"lazy\" decoding=\"async\" width=\"1172\" height=\"768\" src=\"https:\/\/proselmedikal.com\/wp-content\/uploads\/2021\/09\/arala1.jpg\" class=\"attachment-full size-full\" alt=\"\" style=\"width:100%;height:65.53%;max-width:1172px\" \/><\/a><\/figure><div class=\"elementor-image-box-content\"><h3 class=\"elementor-image-box-title\"><a href=\"https:\/\/proselmedikal.com\/index.php\/kalca-aralayici-hip-spacer\/\"> Kal\u00e7a Aralay\u0131c\u0131 (Spacer)<\/a><\/h3><\/div><\/div>\t\t<\/div>\n\t\t\t\t<\/div>\n\t\t\t\t\t<\/div>\n\t\t<\/div>\n\t\t\t\t\t\t\t<\/div>\n\t\t<\/section>\n\t\t\t\t\t\t<\/div>\n\t\t\t\t\t<\/div>\n\t\t","protected":false},"excerpt":{"rendered":"<p>Prosel Medikal \u00dcr\u00fcnler T\u00fcm \u00fcr\u00fcnlerimiz Kemik \u00c7imentosu D\u0130Z ARALAYICI (SPACER)\u200b VERTEBROPLAST\u0130 \u00c7\u0130MENTOSU Omuz Aralay\u0131c\u0131 (Spacer) VETER\u0130NER CERRAH\u0130 KEM\u0130K \u00c7\u0130MENTOSU ARALAYICI \u2013 SPACER Kal\u00e7a Aralay\u0131c\u0131 (Spacer)<\/p>\n","protected":false},"author":1,"featured_media":0,"parent":0,"menu_order":0,"comment_status":"closed","ping_status":"closed","template":"","meta":{"om_disable_all_campaigns":false,"_monsterinsights_skip_tracking":false,"_monsterinsights_sitenote_active":false,"_monsterinsights_sitenote_note":"","_monsterinsights_sitenote_category":0,"footnotes":""},"class_list":["post-21","page","type-page","status-publish","hentry","entry"],"_links":{"self":[{"href":"https:\/\/proselmedikal.com\/index.php\/wp-json\/wp\/v2\/pages\/21","targetHints":{"allow":["GET"]}}],"collection":[{"href":"https:\/\/proselmedikal.com\/index.php\/wp-json\/wp\/v2\/pages"}],"about":[{"href":"https:\/\/proselmedikal.com\/index.php\/wp-json\/wp\/v2\/types\/page"}],"author":[{"embeddable":true,"href":"https:\/\/proselmedikal.com\/index.php\/wp-json\/wp\/v2\/users\/1"}],"replies":[{"embeddable":true,"href":"https:\/\/proselmedikal.com\/index.php\/wp-json\/wp\/v2\/comments?post=21"}],"version-history":[{"count":7,"href":"https:\/\/proselmedikal.com\/index.php\/wp-json\/wp\/v2\/pages\/21\/revisions"}],"predecessor-version":[{"id":435,"href":"https:\/\/proselmedikal.com\/index.php\/wp-json\/wp\/v2\/pages\/21\/revisions\/435"}],"wp:attachment":[{"href":"https:\/\/proselmedikal.com\/index.php\/wp-json\/wp\/v2\/media?parent=21"}],"curies":[{"name":"wp","href":"https:\/\/api.w.org\/{rel}","templated":true}]}}