{"id":19,"date":"2021-09-20T16:22:17","date_gmt":"2021-09-20T16:22:17","guid":{"rendered":"https:\/\/proselmedikal.com\/?page_id=19"},"modified":"2021-09-22T17:40:26","modified_gmt":"2021-09-22T17:40:26","slug":"uretim","status":"publish","type":"page","link":"https:\/\/proselmedikal.com\/index.php\/uretim\/","title":{"rendered":"\u00dcretim"},"content":{"rendered":"\t\t<div data-elementor-type=\"wp-page\" data-elementor-id=\"19\" class=\"elementor elementor-19\" data-elementor-settings=\"[]\">\n\t\t\t\t\t\t\t<div class=\"elementor-section-wrap\">\n\t\t\t\t\t\t\t<section class=\"elementor-section elementor-top-section elementor-element elementor-element-5ed4871f elementor-section-full_width elementor-section-height-min-height elementor-section-height-default elementor-section-items-middle\" data-id=\"5ed4871f\" data-element_type=\"section\" data-settings=\"{&quot;background_background&quot;:&quot;classic&quot;,&quot;_ha_eqh_enable&quot;:false}\">\n\t\t\t\t\t\t\t<div class=\"elementor-background-overlay\"><\/div>\n\t\t\t\t\t\t\t<div class=\"elementor-container elementor-column-gap-default\">\n\t\t\t\t\t<div class=\"elementor-column elementor-col-100 elementor-top-column elementor-element elementor-element-527853e1\" data-id=\"527853e1\" data-element_type=\"column\">\n\t\t\t<div class=\"elementor-widget-wrap elementor-element-populated\">\n\t\t\t\t\t\t\t\t<div class=\"elementor-element elementor-element-7f0c61ac elementor-widget elementor-widget-heading\" data-id=\"7f0c61ac\" data-element_type=\"widget\" data-widget_type=\"heading.default\">\n\t\t\t\t<div class=\"elementor-widget-container\">\n\t\t\t<h5 class=\"elementor-heading-title elementor-size-default\">\u00dcretim <br>\n...\n<br>\n\nProsel Medikal<\/h5>\t\t<\/div>\n\t\t\t\t<\/div>\n\t\t\t\t\t<\/div>\n\t\t<\/div>\n\t\t\t\t\t\t\t<\/div>\n\t\t<\/section>\n\t\t\t\t<section class=\"elementor-section elementor-top-section elementor-element elementor-element-5d4444c0 elementor-section-height-min-height elementor-section-boxed elementor-section-height-default elementor-section-items-middle\" data-id=\"5d4444c0\" data-element_type=\"section\" data-settings=\"{&quot;_ha_eqh_enable&quot;:false}\">\n\t\t\t\t\t\t<div class=\"elementor-container elementor-column-gap-default\">\n\t\t\t\t\t<div class=\"elementor-column elementor-col-50 elementor-top-column elementor-element elementor-element-52f647c\" data-id=\"52f647c\" data-element_type=\"column\">\n\t\t\t<div class=\"elementor-widget-wrap elementor-element-populated\">\n\t\t\t\t\t\t\t\t<div class=\"elementor-element elementor-element-1d05e6f5 elementor-widget elementor-widget-text-editor\" data-id=\"1d05e6f5\" data-element_type=\"widget\" data-widget_type=\"text-editor.default\">\n\t\t\t\t<div class=\"elementor-widget-container\">\n\t\t\t\t\t\t\t<p><strong>\u00dcretim(Temiz Oda)<\/strong>&nbsp;tesisimiz ulusal t\u00fcm mevzuatlara uygun \u015fekilde en son teknoloji ile yap\u0131larak i\u00e7erisindeki \u00fcretim makinalar\u0131 ile hizmet vermektedir. Tesisimiz toplamda 7 ayr\u0131 b\u00f6lmeden olu\u015fmaktad\u0131r. Her odan\u0131n s\u0131cakl\u0131k bas\u0131n\u00e7 ve nem de\u011ferleri digital olarak bas\u0131n\u00e7 de\u011ferleri ise ayr\u0131ca manuel olarak anl\u0131k takip edilmektedir. Firmam\u0131z ISO-13485 belgesine sahiptir.&nbsp;<b>Temiz Oda<\/b>&nbsp;i\u00e7erisinde ger\u00e7ekle\u015ftirilen t\u00fcm prosesler bu Kalite Y\u00f6netim Sistemi belgesinin direktifleri gere\u011fi hareket edilerek yap\u0131lmaktad\u0131r.<\/p>\t\t\t\t\t\t<\/div>\n\t\t\t\t<\/div>\n\t\t\t\t<div class=\"elementor-element elementor-element-aa289e5 elementor-widget elementor-widget-text-editor\" data-id=\"aa289e5\" data-element_type=\"widget\" data-widget_type=\"text-editor.default\">\n\t\t\t\t<div class=\"elementor-widget-container\">\n\t\t\t\t\t\t\t<p>Tesisimiz ayr\u0131ca y\u00fcksek hassasiyet ve proses takibi gerektiren Class-III s\u0131n\u0131f\u0131 \u00fcr\u00fcnlerin yap\u0131labildi\u011fi bir altyap\u0131ya da sahiptir. Temiz Odam\u0131z da ortaya \u00e7\u0131kar\u0131lan t\u00fcm \u00fcr\u00fcnlerde kalitesi y\u00fcksek olan hammaddeler kullan\u0131lmaktad\u0131r. Tesis i\u00e7erisinde uluslararas\u0131 standartlara uygunluk, gerekli personel e\u011fitimleri ve en titiz bir bi\u00e7imde \u00f6zen g\u00f6sterme ile %100 steril \u00fcretim yapmak en temel hedeflerimizdir.<\/p>\t\t\t\t\t\t<\/div>\n\t\t\t\t<\/div>\n\t\t\t\t\t<\/div>\n\t\t<\/div>\n\t\t\t\t<div class=\"elementor-column elementor-col-50 elementor-top-column elementor-element elementor-element-53e441b6\" data-id=\"53e441b6\" data-element_type=\"column\">\n\t\t\t<div class=\"elementor-widget-wrap elementor-element-populated\">\n\t\t\t\t\t\t\t\t<div class=\"elementor-element elementor-element-388479bf elementor-widget elementor-widget-image\" data-id=\"388479bf\" data-element_type=\"widget\" data-widget_type=\"image.default\">\n\t\t\t\t<div class=\"elementor-widget-container\">\n\t\t\t\t\t\t\t\t\t\t\t\t\t\t\t<img loading=\"lazy\" decoding=\"async\" width=\"886\" height=\"1024\" src=\"https:\/\/proselmedikal.com\/wp-content\/uploads\/2021\/09\/prosel-1-logo.png\" class=\"attachment-full size-full\" alt=\"\" srcset=\"https:\/\/proselmedikal.com\/wp-content\/uploads\/2021\/09\/prosel-1-logo.png 886w, https:\/\/proselmedikal.com\/wp-content\/uploads\/2021\/09\/prosel-1-logo-260x300.png 260w, https:\/\/proselmedikal.com\/wp-content\/uploads\/2021\/09\/prosel-1-logo-768x888.png 768w\" sizes=\"auto, (max-width: 886px) 100vw, 886px\" style=\"width:100%;height:115.58%;max-width:886px\" \/>\t\t\t\t\t\t\t\t\t\t\t\t\t\t\t<\/div>\n\t\t\t\t<\/div>\n\t\t\t\t\t<\/div>\n\t\t<\/div>\n\t\t\t\t\t\t\t<\/div>\n\t\t<\/section>\n\t\t\t\t<section class=\"elementor-section elementor-top-section elementor-element elementor-element-b226d33 elementor-section-height-min-height elementor-section-boxed elementor-section-height-default elementor-section-items-middle\" data-id=\"b226d33\" data-element_type=\"section\" data-settings=\"{&quot;_ha_eqh_enable&quot;:false}\">\n\t\t\t\t\t\t<div class=\"elementor-container elementor-column-gap-default\">\n\t\t\t\t\t<div class=\"elementor-column elementor-col-50 elementor-top-column elementor-element elementor-element-710f0d3\" data-id=\"710f0d3\" data-element_type=\"column\">\n\t\t\t<div class=\"elementor-widget-wrap elementor-element-populated\">\n\t\t\t\t\t\t\t\t<div class=\"elementor-element elementor-element-e14d2f5 elementor-widget elementor-widget-ha-carousel happy-addon ha-carousel\" data-id=\"e14d2f5\" data-element_type=\"widget\" data-settings=\"{&quot;navigation&quot;:&quot;none&quot;,&quot;slides_to_show&quot;:&quot;1&quot;,&quot;animation_speed&quot;:300,&quot;autoplay&quot;:&quot;yes&quot;,&quot;autoplay_speed&quot;:3000,&quot;loop&quot;:&quot;yes&quot;,&quot;slides_to_show_tablet&quot;:3,&quot;slides_to_show_mobile&quot;:2}\" data-widget_type=\"ha-carousel.default\">\n\t\t\t\t<div class=\"elementor-widget-container\">\n\t\t\t\n\t\t<div class=\"hajs-slick ha-slick ha-slick--carousel\">\n\n\t\t\t\n\t\t\t\t<div class=\"ha-slick-slide\">\n\t\t\t\t\t<div class=\"ha-slick-item\">\n\t\t\t\t\t\t\t\t\t\t\t\t\t<img decoding=\"async\" class=\"ha-slick-img\" src=\"https:\/\/proselmedikal.com\/wp-content\/uploads\/2021\/09\/INSTON-1-1-768x1024.jpg\" alt=\"\">\n\t\t\t\t\t\t\n\t\t\t\t\t\t\t\t\t\t\t<\/div>\n\t\t\t\t<\/div>\n\n\t\t\t\n\t\t\t\t<div class=\"ha-slick-slide\">\n\t\t\t\t\t<div class=\"ha-slick-item\">\n\t\t\t\t\t\t\t\t\t\t\t\t\t<img decoding=\"async\" class=\"ha-slick-img\" src=\"https:\/\/proselmedikal.com\/wp-content\/uploads\/2021\/09\/INSTRON-2-768x1024.jpg\" alt=\"\">\n\t\t\t\t\t\t\n\t\t\t\t\t\t\t\t\t\t\t<\/div>\n\t\t\t\t<\/div>\n\n\t\t\t\n\t\t<\/div>\n\n\t\t\n\t\t\n\t\t\t\t<\/div>\n\t\t\t\t<\/div>\n\t\t\t\t\t<\/div>\n\t\t<\/div>\n\t\t\t\t<div class=\"elementor-column elementor-col-50 elementor-top-column elementor-element elementor-element-9bf2b58\" data-id=\"9bf2b58\" data-element_type=\"column\">\n\t\t\t<div class=\"elementor-widget-wrap elementor-element-populated\">\n\t\t\t\t\t\t\t\t<div class=\"elementor-element elementor-element-0cba228 elementor-widget elementor-widget-heading\" data-id=\"0cba228\" data-element_type=\"widget\" data-widget_type=\"heading.default\">\n\t\t\t\t<div class=\"elementor-widget-container\">\n\t\t\t<h2 class=\"elementor-heading-title elementor-size-default\">Biyomekanik Testler\n\n<\/h2>\t\t<\/div>\n\t\t\t\t<\/div>\n\t\t\t\t<div class=\"elementor-element elementor-element-760ad8b elementor-widget elementor-widget-text-editor\" data-id=\"760ad8b\" data-element_type=\"widget\" data-widget_type=\"text-editor.default\">\n\t\t\t\t<div class=\"elementor-widget-container\">\n\t\t\t\t\t\t\t<p><span style=\"font-size: 18px; font-weight: var( --e-global-typography-text-font-weight );\">Biz Ormed Grup Medikal firmas\u0131 olarak kemik \u00e7imentosu, vertebroplasti \u00e7imentosu ve spacer \u00fcr\u00fcnlerinin \u00fcretimini kendi b\u00fcnyemizde yapmaktay\u0131z.\u00a0 Amac\u0131m\u0131z bu \u00fcr\u00fcnlerin \u00fcretiminden sonraki s\u00fcre\u00e7leri de kendi b\u00fcnyemizde ger\u00e7ekle\u015ftirmektir. Bu ama\u00e7la d\u00fcnyada g\u00fcvenilirli\u011fi kan\u0131tlanm\u0131\u015f olan instron cihaz\u0131n\u0131 sat\u0131n ald\u0131k. EN ISO 5833 standard\u0131na g\u00f6re mekanik testlerimizi \u0130nston Cihaz\u0131 ile kendi b\u00fcnyemizde yap\u0131yoruz ve bunu payla\u015fmaktan gurur duyar\u0131z.<\/span><\/p><p>Tesisimiz ayr\u0131ca y\u00fcksek hassasiyet ve proses takibi gerektiren Class-III s\u0131n\u0131f\u0131 \u00fcr\u00fcnlerin yap\u0131labildi\u011fi bir altyap\u0131ya da sahiptir. Temiz Odam\u0131z da ortaya \u00e7\u0131kar\u0131lan t\u00fcm \u00fcr\u00fcnlerde kalitesi y\u00fcksek olan hammaddeler kullan\u0131lmaktad\u0131r. Tesis i\u00e7erisinde uluslararas\u0131 standartlara uygunluk, gerekli personel e\u011fitimleri ve en titiz bir bi\u00e7imde \u00f6zen g\u00f6sterme ile %100 steril \u00fcretim yapmak en temel hedeflerimizdir.<\/p>\t\t\t\t\t\t<\/div>\n\t\t\t\t<\/div>\n\t\t\t\t\t<\/div>\n\t\t<\/div>\n\t\t\t\t\t\t\t<\/div>\n\t\t<\/section>\n\t\t\t\t\t\t<\/div>\n\t\t\t\t\t<\/div>\n\t\t","protected":false},"excerpt":{"rendered":"<p>\u00dcretim &#8230; Prosel Medikal \u00dcretim(Temiz Oda)&nbsp;tesisimiz ulusal t\u00fcm mevzuatlara uygun \u015fekilde en son teknoloji ile yap\u0131larak i\u00e7erisindeki \u00fcretim makinalar\u0131 ile hizmet vermektedir. Tesisimiz toplamda 7 ayr\u0131 b\u00f6lmeden olu\u015fmaktad\u0131r. Her odan\u0131n s\u0131cakl\u0131k bas\u0131n\u00e7 ve nem de\u011ferleri digital olarak bas\u0131n\u00e7 de\u011ferleri ise ayr\u0131ca manuel olarak anl\u0131k takip edilmektedir. Firmam\u0131z ISO-13485 belgesine sahiptir.&nbsp;Temiz Oda&nbsp;i\u00e7erisinde ger\u00e7ekle\u015ftirilen t\u00fcm prosesler bu&hellip; <a class=\"more-link\" href=\"https:\/\/proselmedikal.com\/index.php\/uretim\/\">Continue reading <span class=\"screen-reader-text\">\u00dcretim<\/span><\/a><\/p>\n","protected":false},"author":1,"featured_media":0,"parent":0,"menu_order":0,"comment_status":"closed","ping_status":"closed","template":"elementor_header_footer","meta":{"om_disable_all_campaigns":false,"_monsterinsights_skip_tracking":false,"_monsterinsights_sitenote_active":false,"_monsterinsights_sitenote_note":"","_monsterinsights_sitenote_category":0,"footnotes":""},"class_list":["post-19","page","type-page","status-publish","hentry","entry"],"_links":{"self":[{"href":"https:\/\/proselmedikal.com\/index.php\/wp-json\/wp\/v2\/pages\/19","targetHints":{"allow":["GET"]}}],"collection":[{"href":"https:\/\/proselmedikal.com\/index.php\/wp-json\/wp\/v2\/pages"}],"about":[{"href":"https:\/\/proselmedikal.com\/index.php\/wp-json\/wp\/v2\/types\/page"}],"author":[{"embeddable":true,"href":"https:\/\/proselmedikal.com\/index.php\/wp-json\/wp\/v2\/users\/1"}],"replies":[{"embeddable":true,"href":"https:\/\/proselmedikal.com\/index.php\/wp-json\/wp\/v2\/comments?post=19"}],"version-history":[{"count":4,"href":"https:\/\/proselmedikal.com\/index.php\/wp-json\/wp\/v2\/pages\/19\/revisions"}],"predecessor-version":[{"id":360,"href":"https:\/\/proselmedikal.com\/index.php\/wp-json\/wp\/v2\/pages\/19\/revisions\/360"}],"wp:attachment":[{"href":"https:\/\/proselmedikal.com\/index.php\/wp-json\/wp\/v2\/media?parent=19"}],"curies":[{"name":"wp","href":"https:\/\/api.w.org\/{rel}","templated":true}]}}